{"id":377,"date":"2015-12-14T10:47:12","date_gmt":"2015-12-14T10:47:12","guid":{"rendered":"https:\/\/www.recreatieoordhippique.nl\/?page_id=377"},"modified":"2024-05-29T13:24:55","modified_gmt":"2024-05-29T13:24:55","slug":"paardenvakantie","status":"publish","type":"page","link":"https:\/\/www.recreatieoordhippique.nl\/de\/paardenvakantie\/","title":{"rendered":"Paardenvakantie"},"content":{"rendered":"<div class=\"wpb-content-wrapper\"><p>[vc_row full_width=&#8221;stretch_row_content_no_spaces&#8221; css=&#8221;.vc_custom_1647447182114{margin-top: 0px !important;margin-right: 0px !important;margin-bottom: 0px !important;margin-left: 0px !important;border-top-width: 0px !important;border-right-width: 0px !important;border-bottom-width: 0px !important;border-left-width: 0px !important;}&#8221; el_class=&#8221;sub-header-slider&#8221;][vc_column][rev_slider_vc alias=&#8221;hillter-slider&#8221;][\/vc_column][\/vc_row][vc_row equal_height=&#8221;yes&#8221; bg_type=&#8221;bg_color&#8221; css=&#8221;.vc_custom_1647446831186{margin-top: 30px !important;}&#8221;][vc_column width=&#8221;1\/2&#8243; el_class=&#8221;accomodatie-info&#8221; css=&#8221;.vc_custom_1647446931949{padding-top: 40px !important;padding-right: 40px !important;padding-bottom: 40px !important;padding-left: 40px !important;background-color: #202b2c !important;}&#8221;]<div class=\"awe-special-heading text-left\" style=\"color:#ffffff;\"><h1>FACILITEITEN<\/h1><\/div>[vc_column_text size=&#8221;0&#8243;]De faciliteiten voor het meenemen van uw paard(en) zijn optimaal. Wij vinden het belangrijk dat ook de paarden een gevoel van \u201cvakantie\u201d hebben.<\/p>\n<p>In de wei staan vier buitenstallen van 3\u00d73 met een buitenluik, een voerbak en een zelfdrinker. Naast onze paarden zijn er nog zes stallen van 3&#215;3 beschikbaar met hooiruif, zelfdrinker en draaibare voerbak. Dan is er een wasplaats met warm en koud water, en een afsluitbare zadelkamer. De stal dient u zelf tijdens uw verblijf uit te mesten\u00a0 en op te strooien. Uiteraard zorgen wij voor een gespreid (stro) bedje bij aankomst.<\/p>\n<p>Uw paard kan de gehele dag op de rond de boerderij gelegen weilanden staan. In totaal hebben we 3 hectare weiland welke verdeeld is in 11 stukken waardoor de paarden gescheiden van elkaar op de weide kunnen staan. De weides zijn paardvriendelijk afgezet met een houten hekwerk. Het is mogelijk om uw paard onder alle weersomstandigheden op de weide te zetten.[\/vc_column_text][\/vc_column][vc_column width=&#8221;1\/2&#8243; css=&#8221;.vc_custom_1647446911224{padding-top: 40px !important;padding-right: 40px !important;padding-bottom: 40px !important;padding-left: 40px !important;background-color: #9a6c00 !important;}&#8221;]<div class=\"awe-special-heading text-left\" style=\"color:#ffffff;\"><h1>WAT BIEDEN WIJ NOG MEER VOOR UW PAARD?<\/h1><\/div>[vc_column_text size=&#8221;0&#8243;]Er is een wasplaats met warm en koud water, een (spring) bak 20&#215;40 en \u00e9\u00e9n paddock van 15\u00d720 m. Voor uw waardevolle tuigage hebben wij een afsluitbare zadelkamer. In juni 2011 is er een watergat op ons erf gerealiseerd, en in 2014 is het watergat aangepast zodat deze geschikt is voor ruiters en menners.<\/p>\n<p>In de directe omgeving is het mogelijk door natuurgebieden en over (onverharde) wegen prachtige buitenritten te maken. Dit is zowel onder het zadel als aangespannen mogelijk. Routes aanwezig. Ook zijn er twee bewegwijzerde routes die vanaf ons erf beginnen en eindigen!!<\/p>\n<p>Op het erf bieden wij u de gelegenheid om uw trailer, vrachtwagen en menwagen te stallen. (buiten)[\/vc_column_text][\/vc_column][\/vc_row][vc_row equal_height=&#8221;yes&#8221; bg_type=&#8221;bg_color&#8221;][vc_column width=&#8221;1\/2&#8243; css=&#8221;.vc_custom_1647446911224{padding-top: 40px !important;padding-right: 40px !important;padding-bottom: 40px !important;padding-left: 40px !important;background-color: #9a6c00 !important;}&#8221;]<div class=\"awe-special-heading text-left\" style=\"color:#ffffff;\"><h1>GEEN PAARD? OOK DAN BENT U VAN HARTE WELKOM!<\/h1><\/div>[vc_column_text size=&#8221;0&#8243;]We willen overigens benadrukken dat ook bezoekers zonder paard van harte welkom zijn bij Recreatieoord Hippique, ook zij kunnen vanzelfsprekend een vakantiehuis huren om te genieten van onze faciliteiten en van de prachtige rustgevende omgeving. De 4 tot 6 persoons huisjes zijn van alle gemakken voorzien. Het vier persoons appartement heeft twee slaapkamers, en de zes persoons huisjes hebben drie slaapkamers. Tevens is er een trekkershut voor vier personen. Hier zijn 2 slaapkamers met een stapelbed. Op het erf is een trampoline en een skelter, een zandbak en een schommel, en een tafeltennistafel! Het prachtige landschap in de Achterhoek nodigt uit om te wandelen en te fietsen. Natuurlijk zijn er ook andere (sportieve) mogelijkheden om u hier te vermaken. de DRU in Ulft, waar het VVV kantoor gevestigd is, bied uitkomst om tot een keuze te komen.<\/p>\n<p>[\/vc_column_text][\/vc_column][vc_column width=&#8221;1\/2&#8243; el_class=&#8221;accomodatie-info&#8221; css=&#8221;.vc_custom_1647446931949{padding-top: 40px !important;padding-right: 40px !important;padding-bottom: 40px !important;padding-left: 40px !important;background-color: #202b2c !important;}&#8221;]<div class=\"awe-special-heading text-left\" style=\"color:#ffffff;\"><h1>SERIEUS &amp; PROFESSIONEEL OF ALLEEN ALS HOBBY? DAT MAAKT BIJ RECREATIEOORD HIPPIQUE NIET UIT.<\/h1><\/div>[vc_column_text size=&#8221;0&#8243; css=&#8221;&#8221;]Want wat is er mooier dan een weekend weg met eigen paard. Of u zich serieus en professioneel met de paardensport bezig houdt of alleen als hobby, maakt bij Recreatieoord Hippique niets uit. Zowel\u00a0 Z-ruiters als recreatief rijders\u00a0 zijn van harte welkom!! Gebruik maken van binnen stallen of buiten stallen gaat in goed overleg. Waar uw paard niets tekortkomt dankzij onze faciliteiten, hebben we ook aan u en uw gezin gedacht: we hebben bijvoorbeeld een overzichtelijke speeltuin, een zandbak , Skelter en een tafeltennistafel.<\/p>\n<p>Kortom, voor een vakantie met paard bent u bij Recreatieoord Hippique aan het juiste adres! Meer informatie over onze vakantieaccommodaties is te vinden op de pagina Accommodaties.[\/vc_column_text][\/vc_column][\/vc_row][vc_row full_width=&#8221;stretch_row_content&#8221; bg_type=&#8221;image&#8221; bg_override=&#8221;full&#8221; css=&#8221;.vc_custom_1452867803408{margin-top: 0px !important;margin-right: 0px !important;margin-bottom: 0px !important;margin-left: 0px !important;border-top-width: 0px !important;border-right-width: 0px !important;border-bottom-width: 0px !important;border-left-width: 0px !important;background-image: url(https:\/\/www.recreatieoordhippique.nl\/wp-content\/uploads\/2015\/12\/achtergrond-1-1.jpg?id=1102) !important;}&#8221;][vc_column enable_overlay=&#8221;true&#8221; css=&#8221;.vc_custom_1452860247878{margin-top: 0px !important;margin-right: 0px !important;margin-bottom: 0px !important;margin-left: 0px !important;border-top-width: 0px !important;border-right-width: 0px !important;border-bottom-width: 0px !important;border-left-width: 0px !important;padding-top: 20px !important;padding-bottom: 20px !important;background-position: center !important;background-repeat: no-repeat !important;background-size: cover !important;}&#8221; offset=&#8221;vc_hidden-sm vc_hidden-xs&#8221;][vc_row_inner css=&#8221;.vc_custom_1647447125008{margin-top: 30px !important;margin-bottom: 30px !important;}&#8221;][vc_column_inner offset=&#8221;vc_hidden-sm vc_hidden-xs&#8221;]<div class=\"awe-special-heading text-center\" style=\"color:#ffffff;\"><h1>Foto&#039;s<\/h1><\/div>[\/vc_column_inner][\/vc_row_inner][vc_row_inner css=&#8221;.vc_custom_1451297936557{margin-right: 20px !important;margin-left: 20px !important;}&#8221;][vc_column_inner width=&#8221;1\/3&#8243; offset=&#8221;vc_hidden-sm vc_hidden-xs&#8221;][vc_single_image image=&#8221;928&#8243; img_size=&#8221;full&#8221; alignment=&#8221;center&#8221; onclick=&#8221;link_image&#8221;][\/vc_column_inner][vc_column_inner width=&#8221;1\/3&#8243; offset=&#8221;vc_hidden-sm vc_hidden-xs&#8221;][vc_single_image image=&#8221;927&#8243; img_size=&#8221;full&#8221; alignment=&#8221;center&#8221; onclick=&#8221;link_image&#8221;][\/vc_column_inner][vc_column_inner el_class=&#8221;videosize&#8221; width=&#8221;1\/3&#8243; offset=&#8221;vc_hidden-sm vc_hidden-xs&#8221;][vc_video link=&#8221;https:\/\/www.youtube.com\/watch?v=lOsW4DTLamY&amp;t=6s&#8221; el_class=&#8221;.videosize&#8221;][\/vc_column_inner][\/vc_row_inner][vc_row_inner css=&#8221;.vc_custom_1451297936557{margin-right: 20px !important;margin-left: 20px !important;}&#8221;][vc_column_inner width=&#8221;1\/3&#8243; offset=&#8221;vc_hidden-sm vc_hidden-xs&#8221;][vc_single_image image=&#8221;993&#8243; img_size=&#8221;full&#8221; alignment=&#8221;center&#8221; onclick=&#8221;link_image&#8221;][\/vc_column_inner][vc_column_inner width=&#8221;1\/3&#8243; offset=&#8221;vc_hidden-sm vc_hidden-xs&#8221;][vc_single_image image=&#8221;992&#8243; img_size=&#8221;full&#8221; alignment=&#8221;center&#8221; onclick=&#8221;link_image&#8221;][\/vc_column_inner][vc_column_inner width=&#8221;1\/3&#8243; offset=&#8221;vc_hidden-sm vc_hidden-xs&#8221;][vc_single_image image=&#8221;991&#8243; img_size=&#8221;full&#8221; alignment=&#8221;center&#8221; onclick=&#8221;link_image&#8221;][\/vc_column_inner][\/vc_row_inner][vc_row_inner css=&#8221;.vc_custom_1451297936557{margin-right: 20px !important;margin-left: 20px !important;}&#8221;][vc_column_inner width=&#8221;1\/3&#8243; offset=&#8221;vc_hidden-sm vc_hidden-xs&#8221;][vc_single_image image=&#8221;2109&#8243; img_size=&#8221;full&#8221; alignment=&#8221;center&#8221; onclick=&#8221;link_image&#8221;][\/vc_column_inner][vc_column_inner width=&#8221;1\/3&#8243; offset=&#8221;vc_hidden-sm vc_hidden-xs&#8221;][vc_single_image image=&#8221;989&#8243; img_size=&#8221;full&#8221; alignment=&#8221;center&#8221; onclick=&#8221;link_image&#8221;][\/vc_column_inner][vc_column_inner width=&#8221;1\/3&#8243; offset=&#8221;vc_hidden-sm vc_hidden-xs&#8221;][vc_single_image image=&#8221;2112&#8243; img_size=&#8221;full&#8221; alignment=&#8221;center&#8221; onclick=&#8221;link_image&#8221;][\/vc_column_inner][\/vc_row_inner][\/vc_column][\/vc_row]<\/p>\n<\/div>","protected":false},"excerpt":{"rendered":"<p>[vc_row full_width=&#8221;stretch_row_content_no_spaces&#8221; css=&#8221;.vc_custom_1647447182114{margin-top: 0px !important;margin-right: 0px !important;margin-bottom: 0px !important;margin-left: 0px !important;border-top-width: 0px !important;border-right-width: 0px !important;border-bottom-width: 0px !important;border-left-width: 0px !important;}&#8221; el_class=&#8221;sub-header-slider&#8221;][vc_column][rev_slider_vc alias=&#8221;hillter-slider&#8221;][\/vc_column][\/vc_row][vc_row equal_height=&#8221;yes&#8221; bg_type=&#8221;bg_color&#8221; css=&#8221;.vc_custom_1647446831186{margin-top: 30px !important;}&#8221;][vc_column width=&#8221;1\/2&#8243; el_class=&#8221;accomodatie-info&#8221; css=&#8221;.vc_custom_1647446931949{padding-top: 40px !important;padding-right: 40px !important;padding-bottom: 40px !important;padding-left: 40px !important;background-color: #202b2c !important;}&#8221;][vc_column_text size=&#8221;0&#8243;]De faciliteiten voor het meenemen van uw paard(en) zijn optimaal. Wij vinden het belangrijk dat ook &hellip;<\/p>\n","protected":false},"author":1,"featured_media":0,"parent":0,"menu_order":0,"comment_status":"closed","ping_status":"closed","template":"","meta":{"footnotes":""},"class_list":["post-377","page","type-page","status-publish","hentry"],"yoast_head":"<!-- This site is optimized with the Yoast SEO plugin v27.6 - https:\/\/yoast.com\/product\/yoast-seo-wordpress\/ -->\n<title>Paardenvakantie - Met je eigen paard op vakantie! Recreatieoord Hippique<\/title>\n<meta name=\"description\" content=\"{:nl}Je eigen vakantiehuis met eigen paard? Dat kan bij Recreatieoord Hippique! Heerlijke paarden vakanties &amp; ruitervakanties. Kijk op onze website!{:}\" \/>\n<meta name=\"robots\" content=\"index, follow, max-snippet:-1, max-image-preview:large, max-video-preview:-1\" \/>\n<link rel=\"canonical\" href=\"https:\/\/www.recreatieoordhippique.nl\/de\/paardenvakantie\/\" \/>\n<meta property=\"og:locale\" content=\"nl_NL\" \/>\n<meta property=\"og:type\" content=\"article\" \/>\n<meta property=\"og:title\" content=\"Op vakantie met je eigen paard\" \/>\n<meta property=\"og:description\" content=\"{:nl}Je eigen vakantiehuis met eigen paard? Dat kan bij Recreatieoord Hippique! Heerlijke paarden vakanties &amp; ruitervakanties. Kijk op onze website!{:}\" \/>\n<meta property=\"og:url\" content=\"https:\/\/www.recreatieoordhippique.nl\/de\/paardenvakantie\/\" \/>\n<meta property=\"og:site_name\" content=\"Recreatieoord Hippique\" \/>\n<meta property=\"article:publisher\" content=\"https:\/\/www.facebook.com\/Recreatieoord-Hippique-106930262705130\/?fref=ts\" \/>\n<meta property=\"article:modified_time\" content=\"2024-05-29T13:24:55+00:00\" \/>\n<meta name=\"twitter:card\" content=\"summary_large_image\" \/>\n<meta name=\"twitter:label1\" content=\"Geschatte leestijd\" \/>\n\t<meta name=\"twitter:data1\" content=\"6 minuten\" \/>\n<script type=\"application\/ld+json\" class=\"yoast-schema-graph\">{\"@context\":\"https:\\\/\\\/schema.org\",\"@graph\":[{\"@type\":\"WebPage\",\"@id\":\"https:\\\/\\\/www.recreatieoordhippique.nl\\\/de\\\/paardenvakantie\\\/\",\"url\":\"https:\\\/\\\/www.recreatieoordhippique.nl\\\/de\\\/paardenvakantie\\\/\",\"name\":\"[:nl]Paardenvakantie - Met je eigen paard op vakantie! Recreatieoord Hippique[:]\",\"isPartOf\":{\"@id\":\"https:\\\/\\\/www.recreatieoordhippique.nl\\\/de\\\/#website\"},\"datePublished\":\"2015-12-14T10:47:12+00:00\",\"dateModified\":\"2024-05-29T13:24:55+00:00\",\"description\":\"{:nl}Je eigen vakantiehuis met eigen paard? Dat kan bij Recreatieoord Hippique! Heerlijke paarden vakanties & ruitervakanties. Kijk op onze website!{:}\",\"breadcrumb\":{\"@id\":\"https:\\\/\\\/www.recreatieoordhippique.nl\\\/de\\\/paardenvakantie\\\/#breadcrumb\"},\"inLanguage\":\"nl-NL\",\"potentialAction\":[{\"@type\":\"ReadAction\",\"target\":[\"https:\\\/\\\/www.recreatieoordhippique.nl\\\/de\\\/paardenvakantie\\\/\"]}]},{\"@type\":\"BreadcrumbList\",\"@id\":\"https:\\\/\\\/www.recreatieoordhippique.nl\\\/de\\\/paardenvakantie\\\/#breadcrumb\",\"itemListElement\":[{\"@type\":\"ListItem\",\"position\":1,\"name\":\"Home\",\"item\":\"https:\\\/\\\/www.recreatieoordhippique.nl\\\/de\\\/\"},{\"@type\":\"ListItem\",\"position\":2,\"name\":\"Paardenvakantie\"}]},{\"@type\":\"WebSite\",\"@id\":\"https:\\\/\\\/www.recreatieoordhippique.nl\\\/de\\\/#website\",\"url\":\"https:\\\/\\\/www.recreatieoordhippique.nl\\\/de\\\/\",\"name\":\"Recreatieoord Hippique\",\"description\":\"Op vakantie met uw eigen paard!\",\"potentialAction\":[{\"@type\":\"SearchAction\",\"target\":{\"@type\":\"EntryPoint\",\"urlTemplate\":\"https:\\\/\\\/www.recreatieoordhippique.nl\\\/de\\\/?s={search_term_string}\"},\"query-input\":{\"@type\":\"PropertyValueSpecification\",\"valueRequired\":true,\"valueName\":\"search_term_string\"}}],\"inLanguage\":\"nl-NL\"}]}<\/script>\n<!-- \/ Yoast SEO plugin. -->","yoast_head_json":{"title":"[:nl]Paardenvakantie - Met je eigen paard op vakantie! Recreatieoord Hippique[:]","description":"{:nl}Je eigen vakantiehuis met eigen paard? Dat kan bij Recreatieoord Hippique! Heerlijke paarden vakanties & ruitervakanties. Kijk op onze website!{:}","robots":{"index":"index","follow":"follow","max-snippet":"max-snippet:-1","max-image-preview":"max-image-preview:large","max-video-preview":"max-video-preview:-1"},"canonical":"https:\/\/www.recreatieoordhippique.nl\/de\/paardenvakantie\/","og_locale":"nl_NL","og_type":"article","og_title":"Op vakantie met je eigen paard","og_description":"{:nl}Je eigen vakantiehuis met eigen paard? Dat kan bij Recreatieoord Hippique! Heerlijke paarden vakanties & ruitervakanties. Kijk op onze website!{:}","og_url":"https:\/\/www.recreatieoordhippique.nl\/de\/paardenvakantie\/","og_site_name":"Recreatieoord Hippique","article_publisher":"https:\/\/www.facebook.com\/Recreatieoord-Hippique-106930262705130\/?fref=ts","article_modified_time":"2024-05-29T13:24:55+00:00","twitter_card":"summary_large_image","twitter_misc":{"Geschatte leestijd":"6 minuten"},"schema":{"@context":"https:\/\/schema.org","@graph":[{"@type":"WebPage","@id":"https:\/\/www.recreatieoordhippique.nl\/de\/paardenvakantie\/","url":"https:\/\/www.recreatieoordhippique.nl\/de\/paardenvakantie\/","name":"[:nl]Paardenvakantie - Met je eigen paard op vakantie! Recreatieoord Hippique[:]","isPartOf":{"@id":"https:\/\/www.recreatieoordhippique.nl\/de\/#website"},"datePublished":"2015-12-14T10:47:12+00:00","dateModified":"2024-05-29T13:24:55+00:00","description":"{:nl}Je eigen vakantiehuis met eigen paard? Dat kan bij Recreatieoord Hippique! Heerlijke paarden vakanties & ruitervakanties. Kijk op onze website!{:}","breadcrumb":{"@id":"https:\/\/www.recreatieoordhippique.nl\/de\/paardenvakantie\/#breadcrumb"},"inLanguage":"nl-NL","potentialAction":[{"@type":"ReadAction","target":["https:\/\/www.recreatieoordhippique.nl\/de\/paardenvakantie\/"]}]},{"@type":"BreadcrumbList","@id":"https:\/\/www.recreatieoordhippique.nl\/de\/paardenvakantie\/#breadcrumb","itemListElement":[{"@type":"ListItem","position":1,"name":"Home","item":"https:\/\/www.recreatieoordhippique.nl\/de\/"},{"@type":"ListItem","position":2,"name":"Paardenvakantie"}]},{"@type":"WebSite","@id":"https:\/\/www.recreatieoordhippique.nl\/de\/#website","url":"https:\/\/www.recreatieoordhippique.nl\/de\/","name":"Recreatieoord Hippique","description":"Op vakantie met uw eigen paard!","potentialAction":[{"@type":"SearchAction","target":{"@type":"EntryPoint","urlTemplate":"https:\/\/www.recreatieoordhippique.nl\/de\/?s={search_term_string}"},"query-input":{"@type":"PropertyValueSpecification","valueRequired":true,"valueName":"search_term_string"}}],"inLanguage":"nl-NL"}]}},"_links":{"self":[{"href":"https:\/\/www.recreatieoordhippique.nl\/de\/wp-json\/wp\/v2\/pages\/377","targetHints":{"allow":["GET"]}}],"collection":[{"href":"https:\/\/www.recreatieoordhippique.nl\/de\/wp-json\/wp\/v2\/pages"}],"about":[{"href":"https:\/\/www.recreatieoordhippique.nl\/de\/wp-json\/wp\/v2\/types\/page"}],"author":[{"embeddable":true,"href":"https:\/\/www.recreatieoordhippique.nl\/de\/wp-json\/wp\/v2\/users\/1"}],"replies":[{"embeddable":true,"href":"https:\/\/www.recreatieoordhippique.nl\/de\/wp-json\/wp\/v2\/comments?post=377"}],"version-history":[{"count":0,"href":"https:\/\/www.recreatieoordhippique.nl\/de\/wp-json\/wp\/v2\/pages\/377\/revisions"}],"wp:attachment":[{"href":"https:\/\/www.recreatieoordhippique.nl\/de\/wp-json\/wp\/v2\/media?parent=377"}],"curies":[{"name":"wp","href":"https:\/\/api.w.org\/{rel}","templated":true}]}}