{"id":391,"date":"2015-12-14T10:48:46","date_gmt":"2015-12-14T10:48:46","guid":{"rendered":"http:\/\/www.recreatieoordhippique.nl\/?page_id=391"},"modified":"2026-01-17T17:42:58","modified_gmt":"2026-01-17T17:42:58","slug":"appartement-piaffe","status":"publish","type":"page","link":"https:\/\/www.recreatieoordhippique.nl\/de\/appartement-piaffe\/","title":{"rendered":"Appartement Piaffe"},"content":{"rendered":"<div class=\"wpb-content-wrapper\"><p>[vc_row full_width=&#8221;stretch_row_content&#8221;][vc_column][vc_media_grid element_width=&#8221;3&#8243; gap=&#8221;10&#8243; initial_loading_animation=&#8221;none&#8221; grid_id=&#8221;vc_gid:1768666098999-66eef60c-0ea6-2&#8243; include=&#8221;1084,2137,2059,2063,2062,672,2060,2061&#8243;][\/vc_column][\/vc_row][vc_row equal_height=&#8221;yes&#8221; bg_type=&#8221;bg_color&#8221; bg_color_value=&#8221;#202b2c&#8221; css=&#8221;.vc_custom_1647439751163{padding-top: 40px !important;padding-right: 40px !important;padding-bottom: 40px !important;padding-left: 40px !important;}&#8221;][vc_column width=&#8221;1\/2&#8243; el_class=&#8221;accomodatie-info&#8221;]<div class=\"awe-special-heading text-left\"><h1>Appartement Piaffe<\/h1><\/div>[vc_column_text size=&#8221;0&#8243; css=&#8221;&#8221;]In het voorhuis van de boerderij bevindt zich het gelijkvloerse appartement \u201cPiaffe\u201d welke gezellig en compleet is ingericht. Het appartement beschikt over een eigen ingang en is geschikt voor een comfortabele vakantie voor maximaal vier personen.<\/p>\n<p><strong>Indeling:<\/strong><\/p>\n<p>Een woonkamer met een gezellige inrichting onder andere voorzien van een zithoek met televisie, en een eethoek. Vanuit de woonkamer heeft u een schitterend uitzicht over de weilanden met de paarden. De open keuken is volledig ingericht en beschikt over alle faciliteiten zoals o.a. een vaatwasser, koffiezetapparaat, koelkast, combimagnetron, kooktoestel , pannen en compleet servies.<\/p>\n<p>De badkamer is voorzien van een\u00a0ruime wastafel met lade en een douche. Het toilet is in een aparte ruimte.<\/p>\n<p>De twee slaapkamers hebben elk twee \u00e9\u00e9n persoons bedden. De bedden zijn voorzien van een beschermhoes voor de matras, een kussen, en een \u00e9\u00e9n persoons dekbed. U kunt bij ons het beddengoed (hoeslaken, dekbedovertrek en een kussensloop) huren of u kunt dit zelf meenemen.<\/p>\n<p>Er is WIFI aanwezig, hier kunt u gratis gebruik van maken. Het appartement wordt verwarmd door centrale verwarming en is geheel voorzien van een plavuizen vloer. U heeft de beschikking over een eigen tuin met een gazon en een terras welke voorzien is van terrasmeubelen. Voor de allerkleinste gasten hebben wij een trampoline, skelters en een zandbak. Het terras biedt uitzicht op de weides en enkele stallen.<\/p>\n<p>Meer informatie over de huurprijzen kunt u vinden onder het kopje Tarieven.[\/vc_column_text]<div class=\"awe-btn-container awe-btn-inline\"><a class=\"awe-btn awe-btn-medium awe-btn-outline\" href=\"https:\/\/www.recreatieoordhippique.nl\/de\/tarieven\/\" title=\"Tarieven\" style=\"color:#ffffff;border-color:#ffffff;\">Prijsinformatie<\/a><\/div><div class=\"awe-btn-container awe-btn-inline\"><a class=\"awe-btn awe-btn-medium awe-btn-default\" href=\"http:\/\/www.recreatieoordhippique.nl\/wp-content\/uploads\/2015\/12\/Plattegrond-Piaffe.jpg\" title=\"\" style=\"background-color:;border-color:\" target=\"_blank\">Bekijk plattegrond<\/a><\/div>[\/vc_column][vc_column width=&#8221;1\/2&#8243;]<div class=\"awe-special-heading text-center\"><h2>Beschikbaarheid<\/h2><\/div>[vc_column_text size=&#8221;0&#8243;][\/vc_column_text][\/vc_column][\/vc_row][vc_row equal_height=&#8221;yes&#8221; content_placement=&#8221;middle&#8221; bg_type=&#8221;bg_color&#8221; css=&#8221;.vc_custom_1647441317978{margin-top: 30px !important;padding-top: 40px !important;padding-right: 40px !important;padding-bottom: 40px !important;padding-left: 40px !important;}&#8221; bg_color_value=&#8221;#182020&#8243; el_class=&#8221;accomodatie-boeken&#8221;][vc_column][vc_row_inner][vc_column_inner]<div class=\"awe-special-heading text-center\"><h1>Deze accommodatie boeken<\/h1><\/div>[vc_column_text size=&#8221;0&#8243;][\/vc_column_text][\/vc_column_inner][\/vc_row_inner][\/vc_column][\/vc_row][vc_row css=&#8221;.vc_custom_1647443391493{margin-top: 30px !important;margin-bottom: 30px !important;}&#8221;][vc_column]<div class=\"awe-special-heading text-center\" style=\"color:#ffffff;\"><h1>Bekijk ook<\/h1><\/div>[\/vc_column][\/vc_row][vc_row equal_height=&#8221;yes&#8221; el_class=&#8221;bekijk-ook-accommodaties&#8221; css=&#8221;.vc_custom_1647443412665{margin-bottom: 30px !important;}&#8221;][vc_column width=&#8221;1\/3&#8243; css=&#8221;.vc_custom_1647441582059{background-color: #202b2c !important;}&#8221;][vc_row_inner el_class=&#8221;bekijk-ook-foto&#8221; css=&#8221;.vc_custom_1647443025911{background-image: url(https:\/\/www.recreatieoordhippique.nl\/wp-content\/uploads\/2015\/12\/DSC_8611.jpg?id=2086) !important;background-position: center !important;background-repeat: no-repeat !important;background-size: cover !important;}&#8221;][vc_column_inner css=&#8221;.vc_custom_1647442063985{background-position: center !important;background-repeat: no-repeat !important;background-size: cover !important;}&#8221;][\/vc_column_inner][\/vc_row_inner][vc_row_inner][vc_column_inner css=&#8221;.vc_custom_1647441510585{padding-top: 40px !important;padding-right: 40px !important;padding-bottom: 40px !important;padding-left: 40px !important;}&#8221;]<div class=\"awe-special-heading text-left\" style=\"color:#ffffff;\"><h3>Vakantiewoning Passage<\/h3><\/div>[vc_column_text size=&#8221;0&#8243;]Vakantiewoning Passage is onze geschakelde vakantiewoning. De woning biedt veel privacy en heeft een eigen ingang. De woning is geschikt voor een luxe vakantie met maximaal zes personen.[\/vc_column_text]<div class=\"awe-btn-container awe-btn-inline\"><a class=\"awe-btn awe-btn-medium awe-btn-outline\" href=\"http:\/\/www.recreatieoordhippique.nl\/vakantiewoning-passage\/\" title=\"\" style=\"color:#ffffff;border-color:#ffffff;\">Bekijken<\/a><\/div>[\/vc_column_inner][\/vc_row_inner][\/vc_column][vc_column width=&#8221;1\/3&#8243; css=&#8221;.vc_custom_1647441558602{background-color: #182020 !important;}&#8221;][vc_row_inner el_class=&#8221;bekijk-ook-foto&#8221; css=&#8221;.vc_custom_1647443057337{background-image: url(https:\/\/www.recreatieoordhippique.nl\/wp-content\/uploads\/2015\/12\/DSC_7961.jpg?id=2069) !important;background-position: center !important;background-repeat: no-repeat !important;background-size: cover !important;}&#8221;][vc_column_inner css=&#8221;.vc_custom_1647442063985{background-position: center !important;background-repeat: no-repeat !important;background-size: cover !important;}&#8221;][\/vc_column_inner][\/vc_row_inner][vc_row_inner][vc_column_inner css=&#8221;.vc_custom_1647441510585{padding-top: 40px !important;padding-right: 40px !important;padding-bottom: 40px !important;padding-left: 40px !important;}&#8221;]<div class=\"awe-special-heading text-left\" style=\"color:#ffffff;\"><h3>Trekkershut Travers<\/h3><\/div>[vc_column_text size=&#8221;0&#8243;]staat op een mooie plek op ons erf. De trekkershut is luxe en compleet ingericht en heeft een royale vloeroppervlakte van 20 m2, en is geschikt voor vier personen.[\/vc_column_text]<div class=\"awe-btn-container awe-btn-inline\"><a class=\"awe-btn awe-btn-medium awe-btn-outline\" href=\"http:\/\/www.recreatieoordhippique.nl\/trekkershut-travers\/\" title=\"\" style=\"color:#ffffff;border-color:#ffffff;\">Bekijken<\/a><\/div>[\/vc_column_inner][\/vc_row_inner][\/vc_column][vc_column width=&#8221;1\/3&#8243; css=&#8221;.vc_custom_1647441576341{background-color: #202b2c !important;}&#8221;][vc_row_inner el_class=&#8221;bekijk-ook-foto&#8221; css=&#8221;.vc_custom_1647442205895{background-image: url(https:\/\/www.recreatieoordhippique.nl\/wp-content\/uploads\/2015\/12\/DSC_8605.jpg?id=2048) !important;background-position: center !important;background-repeat: no-repeat !important;background-size: cover !important;}&#8221;][vc_column_inner css=&#8221;.vc_custom_1647442063985{background-position: center !important;background-repeat: no-repeat !important;background-size: cover !important;}&#8221;][\/vc_column_inner][\/vc_row_inner][vc_row_inner][vc_column_inner css=&#8221;.vc_custom_1647441510585{padding-top: 40px !important;padding-right: 40px !important;padding-bottom: 40px !important;padding-left: 40px !important;}&#8221;]<div class=\"awe-special-heading text-left\" style=\"color:#ffffff;\"><h3>Vakantiewoning Pirouette<\/h3><\/div>[vc_column_text size=&#8221;0&#8243;]Vakantiewoning Pirouette is onze geschakelde vakantiewoning. De woning biedt veel privacy en heeft een eigen ingang. De woning is geschikt voor een luxe vakantie met maximaal zes personen.[\/vc_column_text]<div class=\"awe-btn-container awe-btn-inline\"><a class=\"awe-btn awe-btn-medium awe-btn-outline\" href=\"http:\/\/www.recreatieoordhippique.nl\/vakantiewoning-pirouette\/\" title=\"\" style=\"color:#ffffff;border-color:#ffffff;\">Bekijken<\/a><\/div>[\/vc_column_inner][\/vc_row_inner][\/vc_column][\/vc_row]<\/p>\n<\/div>","protected":false},"excerpt":{"rendered":"<p>[vc_row full_width=&#8221;stretch_row_content&#8221;][vc_column][vc_media_grid element_width=&#8221;3&#8243; gap=&#8221;10&#8243; initial_loading_animation=&#8221;none&#8221; grid_id=&#8221;vc_gid:1768666098999-66eef60c-0ea6-2&#8243; include=&#8221;1084,2137,2059,2063,2062,672,2060,2061&#8243;][\/vc_column][\/vc_row][vc_row equal_height=&#8221;yes&#8221; bg_type=&#8221;bg_color&#8221; bg_color_value=&#8221;#202b2c&#8221; css=&#8221;.vc_custom_1647439751163{padding-top: 40px !important;padding-right: 40px !important;padding-bottom: 40px !important;padding-left: 40px !important;}&#8221;][vc_column width=&#8221;1\/2&#8243; el_class=&#8221;accomodatie-info&#8221;][vc_column_text size=&#8221;0&#8243; css=&#8221;&#8221;]In het voorhuis van de boerderij bevindt zich het gelijkvloerse appartement \u201cPiaffe\u201d welke gezellig en compleet is ingericht. Het appartement beschikt over een eigen ingang en is geschikt voor een comfortabele vakantie voor &hellip;<\/p>\n","protected":false},"author":1,"featured_media":0,"parent":0,"menu_order":0,"comment_status":"closed","ping_status":"closed","template":"","meta":{"footnotes":""},"class_list":["post-391","page","type-page","status-publish","hentry"],"yoast_head":"<!-- This site is optimized with the Yoast SEO plugin v26.8 - https:\/\/yoast.com\/product\/yoast-seo-wordpress\/ -->\n<title>Piaffe vakantieappartement<\/title>\n<meta name=\"robots\" content=\"index, follow, max-snippet:-1, max-image-preview:large, max-video-preview:-1\" \/>\n<link rel=\"canonical\" href=\"https:\/\/www.recreatieoordhippique.nl\/de\/appartement-piaffe\/\" \/>\n<meta property=\"og:locale\" content=\"nl_NL\" \/>\n<meta property=\"og:type\" content=\"article\" \/>\n<meta property=\"og:title\" content=\"[:nl]Piaffe vakantieappartement[:]\" \/>\n<meta property=\"og:description\" content=\"[vc_row full_width=&#8221;stretch_row_content&#8221;][vc_column][vc_media_grid element_width=&#8221;3&#8243; gap=&#8221;10&#8243; initial_loading_animation=&#8221;none&#8221; grid_id=&#8221;vc_gid:1768666098999-66eef60c-0ea6-2&#8243; include=&#8221;1084,2137,2059,2063,2062,672,2060,2061&#8243;][\/vc_column][\/vc_row][vc_row equal_height=&#8221;yes&#8221; bg_type=&#8221;bg_color&#8221; bg_color_value=&#8221;#202b2c&#8221; css=&#8221;.vc_custom_1647439751163{padding-top: 40px !important;padding-right: 40px !important;padding-bottom: 40px !important;padding-left: 40px !important;}&#8221;][vc_column width=&#8221;1\/2&#8243; el_class=&#8221;accomodatie-info&#8221;][vc_column_text size=&#8221;0&#8243; css=&#8221;&#8221;]In het voorhuis van de boerderij bevindt zich het gelijkvloerse appartement \u201cPiaffe\u201d welke gezellig en compleet is ingericht. Het appartement beschikt over een eigen ingang en is geschikt voor een comfortabele vakantie voor &hellip;\" \/>\n<meta property=\"og:url\" content=\"https:\/\/www.recreatieoordhippique.nl\/de\/appartement-piaffe\/\" \/>\n<meta property=\"og:site_name\" content=\"Recreatieoord Hippique\" \/>\n<meta property=\"article:publisher\" content=\"https:\/\/www.facebook.com\/Recreatieoord-Hippique-106930262705130\/?fref=ts\" \/>\n<meta property=\"article:modified_time\" content=\"2026-01-17T17:42:58+00:00\" \/>\n<meta name=\"twitter:card\" content=\"summary_large_image\" \/>\n<meta name=\"twitter:label1\" content=\"Geschatte leestijd\" \/>\n\t<meta name=\"twitter:data1\" content=\"5 minuten\" \/>\n<script type=\"application\/ld+json\" class=\"yoast-schema-graph\">{\"@context\":\"https:\/\/schema.org\",\"@graph\":[{\"@type\":\"WebPage\",\"@id\":\"https:\/\/www.recreatieoordhippique.nl\/de\/appartement-piaffe\/\",\"url\":\"https:\/\/www.recreatieoordhippique.nl\/de\/appartement-piaffe\/\",\"name\":\"[:nl]Piaffe vakantieappartement[:]\",\"isPartOf\":{\"@id\":\"https:\/\/www.recreatieoordhippique.nl\/de\/#website\"},\"datePublished\":\"2015-12-14T10:48:46+00:00\",\"dateModified\":\"2026-01-17T17:42:58+00:00\",\"breadcrumb\":{\"@id\":\"https:\/\/www.recreatieoordhippique.nl\/de\/appartement-piaffe\/#breadcrumb\"},\"inLanguage\":\"nl-NL\",\"potentialAction\":[{\"@type\":\"ReadAction\",\"target\":[\"https:\/\/www.recreatieoordhippique.nl\/de\/appartement-piaffe\/\"]}]},{\"@type\":\"BreadcrumbList\",\"@id\":\"https:\/\/www.recreatieoordhippique.nl\/de\/appartement-piaffe\/#breadcrumb\",\"itemListElement\":[{\"@type\":\"ListItem\",\"position\":1,\"name\":\"Home\",\"item\":\"https:\/\/www.recreatieoordhippique.nl\/de\/\"},{\"@type\":\"ListItem\",\"position\":2,\"name\":\"Appartement Piaffe\"}]},{\"@type\":\"WebSite\",\"@id\":\"https:\/\/www.recreatieoordhippique.nl\/de\/#website\",\"url\":\"https:\/\/www.recreatieoordhippique.nl\/de\/\",\"name\":\"Recreatieoord Hippique\",\"description\":\"Op vakantie met uw eigen paard!\",\"potentialAction\":[{\"@type\":\"SearchAction\",\"target\":{\"@type\":\"EntryPoint\",\"urlTemplate\":\"https:\/\/www.recreatieoordhippique.nl\/de\/?s={search_term_string}\"},\"query-input\":{\"@type\":\"PropertyValueSpecification\",\"valueRequired\":true,\"valueName\":\"search_term_string\"}}],\"inLanguage\":\"nl-NL\"}]}<\/script>\n<!-- \/ Yoast SEO plugin. -->","yoast_head_json":{"title":"Piaffe vakantieappartement","robots":{"index":"index","follow":"follow","max-snippet":"max-snippet:-1","max-image-preview":"max-image-preview:large","max-video-preview":"max-video-preview:-1"},"canonical":"https:\/\/www.recreatieoordhippique.nl\/de\/appartement-piaffe\/","og_locale":"nl_NL","og_type":"article","og_title":"[:nl]Piaffe vakantieappartement[:]","og_description":"[vc_row full_width=&#8221;stretch_row_content&#8221;][vc_column][vc_media_grid element_width=&#8221;3&#8243; gap=&#8221;10&#8243; initial_loading_animation=&#8221;none&#8221; grid_id=&#8221;vc_gid:1768666098999-66eef60c-0ea6-2&#8243; include=&#8221;1084,2137,2059,2063,2062,672,2060,2061&#8243;][\/vc_column][\/vc_row][vc_row equal_height=&#8221;yes&#8221; bg_type=&#8221;bg_color&#8221; bg_color_value=&#8221;#202b2c&#8221; css=&#8221;.vc_custom_1647439751163{padding-top: 40px !important;padding-right: 40px !important;padding-bottom: 40px !important;padding-left: 40px !important;}&#8221;][vc_column width=&#8221;1\/2&#8243; el_class=&#8221;accomodatie-info&#8221;][vc_column_text size=&#8221;0&#8243; css=&#8221;&#8221;]In het voorhuis van de boerderij bevindt zich het gelijkvloerse appartement \u201cPiaffe\u201d welke gezellig en compleet is ingericht. Het appartement beschikt over een eigen ingang en is geschikt voor een comfortabele vakantie voor &hellip;","og_url":"https:\/\/www.recreatieoordhippique.nl\/de\/appartement-piaffe\/","og_site_name":"Recreatieoord Hippique","article_publisher":"https:\/\/www.facebook.com\/Recreatieoord-Hippique-106930262705130\/?fref=ts","article_modified_time":"2026-01-17T17:42:58+00:00","twitter_card":"summary_large_image","twitter_misc":{"Geschatte leestijd":"5 minuten"},"schema":{"@context":"https:\/\/schema.org","@graph":[{"@type":"WebPage","@id":"https:\/\/www.recreatieoordhippique.nl\/de\/appartement-piaffe\/","url":"https:\/\/www.recreatieoordhippique.nl\/de\/appartement-piaffe\/","name":"[:nl]Piaffe vakantieappartement[:]","isPartOf":{"@id":"https:\/\/www.recreatieoordhippique.nl\/de\/#website"},"datePublished":"2015-12-14T10:48:46+00:00","dateModified":"2026-01-17T17:42:58+00:00","breadcrumb":{"@id":"https:\/\/www.recreatieoordhippique.nl\/de\/appartement-piaffe\/#breadcrumb"},"inLanguage":"nl-NL","potentialAction":[{"@type":"ReadAction","target":["https:\/\/www.recreatieoordhippique.nl\/de\/appartement-piaffe\/"]}]},{"@type":"BreadcrumbList","@id":"https:\/\/www.recreatieoordhippique.nl\/de\/appartement-piaffe\/#breadcrumb","itemListElement":[{"@type":"ListItem","position":1,"name":"Home","item":"https:\/\/www.recreatieoordhippique.nl\/de\/"},{"@type":"ListItem","position":2,"name":"Appartement Piaffe"}]},{"@type":"WebSite","@id":"https:\/\/www.recreatieoordhippique.nl\/de\/#website","url":"https:\/\/www.recreatieoordhippique.nl\/de\/","name":"Recreatieoord Hippique","description":"Op vakantie met uw eigen paard!","potentialAction":[{"@type":"SearchAction","target":{"@type":"EntryPoint","urlTemplate":"https:\/\/www.recreatieoordhippique.nl\/de\/?s={search_term_string}"},"query-input":{"@type":"PropertyValueSpecification","valueRequired":true,"valueName":"search_term_string"}}],"inLanguage":"nl-NL"}]}},"_links":{"self":[{"href":"https:\/\/www.recreatieoordhippique.nl\/de\/wp-json\/wp\/v2\/pages\/391","targetHints":{"allow":["GET"]}}],"collection":[{"href":"https:\/\/www.recreatieoordhippique.nl\/de\/wp-json\/wp\/v2\/pages"}],"about":[{"href":"https:\/\/www.recreatieoordhippique.nl\/de\/wp-json\/wp\/v2\/types\/page"}],"author":[{"embeddable":true,"href":"https:\/\/www.recreatieoordhippique.nl\/de\/wp-json\/wp\/v2\/users\/1"}],"replies":[{"embeddable":true,"href":"https:\/\/www.recreatieoordhippique.nl\/de\/wp-json\/wp\/v2\/comments?post=391"}],"version-history":[{"count":1,"href":"https:\/\/www.recreatieoordhippique.nl\/de\/wp-json\/wp\/v2\/pages\/391\/revisions"}],"predecessor-version":[{"id":3029,"href":"https:\/\/www.recreatieoordhippique.nl\/de\/wp-json\/wp\/v2\/pages\/391\/revisions\/3029"}],"wp:attachment":[{"href":"https:\/\/www.recreatieoordhippique.nl\/de\/wp-json\/wp\/v2\/media?parent=391"}],"curies":[{"name":"wp","href":"https:\/\/api.w.org\/{rel}","templated":true}]}}